{"id":539,"date":"2017-12-06T17:24:19","date_gmt":"2017-12-06T19:24:19","guid":{"rendered":"https:\/\/www.espanolsi.com\/?page_id=539"},"modified":"2019-01-06T21:02:58","modified_gmt":"2019-01-06T23:02:58","slug":"clases-online","status":"publish","type":"page","link":"https:\/\/www.espanolsi.com\/en\/clases-online\/","title":{"rendered":"Clases por Skype"},"content":{"rendered":"<div id=\"pl-539\"  class=\"panel-layout\" ><div id=\"pg-539-0\"  class=\"panel-grid panel-no-style\" ><div id=\"pgc-539-0-0\"  class=\"panel-grid-cell\" ><div id=\"panel-539-0-0-0\" class=\"so-panel widget widget_sow-editor panel-first-child widgetopts-SO\" data-index=\"0\" ><div\n\t\t\t\n\t\t\tclass=\"so-widget-sow-editor so-widget-sow-editor-base\"\n\t\t\t\n\t\t>\n<div class=\"siteorigin-widget-tinymce textwidget\">\n\t<p>Las clases en l\u00ednea te permitir\u00e1n ahorrar el tiempo que gastar\u00edas en trasladarte o en estacionar tu veh\u00edculo si fueras a un curso tradicional. Ahorras dinero si vas a utilizar alg\u00fan medio de transporte. Esta modalidad, te permite disponer de tu tiempo. Y ganar\u00e1s en calidad de vida, pasar\u00e1s una mayor parte del d\u00eda con tu familia, si quieres.<\/p>\n<p>Los programas online te van a permitir focalizarte en las tareas que ser\u00e1n de tu utilidad para el trabajo o alguna cuesti\u00f3n personal.<\/p>\n<p>A veces, por cuestiones clim\u00e1ticas, muchas clases de cursos convencionales pueden cancelarse lo que implica que el semestre se alargue. En las clases por Skype eso no suele suceder, puedes estudiar en el confort de tu casa y si optas por un programa a distancia podr\u00e1s elegir el mejor horario para estudiar.<\/p>\n<p>Si te interesa estudiar en l\u00ednea, haz un clic aqu\u00ed: <a href=\"https:\/\/www.espanolsi.com\/contacto\/\">https:\/\/www.espanolsi.com\/contacto\/<\/a><\/p>\n<p>\u00a0<\/p>\n<\/div>\n<\/div><\/div><div id=\"panel-539-0-0-1\" class=\"so-panel widget widget_media_video panel-last-child widgetopts-SO\" data-index=\"1\" ><h3 class=\"widget-title\">Ventajas de estudiar por Skype<\/h3><div style=\"width:100%;\" class=\"wp-video\"><!--[if lt IE 9]><script>document.createElement('video');<\/script><![endif]-->\n<video class=\"wp-video-shortcode\" id=\"video-539-1\" preload=\"metadata\" controls=\"controls\"><source type=\"video\/mp4\" src=\"https:\/\/www.espanolsi.com\/wp-content\/uploads\/2018\/03\/aulas-por-Skype-propaganda-ESPA\u00d1OL.mp4?_=1\" \/><source type=\"video\/mp4\" src=\"https:\/\/www.espanolsi.com\/wp-content\/uploads\/2018\/03\/aulas-por-Skype-propaganda-ESPA\u00d1OL.mp4?_=1\" \/><a href=\"https:\/\/www.espanolsi.com\/wp-content\/uploads\/2018\/03\/aulas-por-Skype-propaganda-ESPA\u00d1OL.mp4\">https:\/\/www.espanolsi.com\/wp-content\/uploads\/2018\/03\/aulas-por-Skype-propaganda-ESPA\u00d1OL.mp4<\/a><\/video><\/div><\/div><\/div><\/div><div id=\"pg-539-1\"  class=\"panel-grid panel-no-style\" ><div id=\"pgc-539-1-0\"  class=\"panel-grid-cell\" ><div id=\"panel-539-1-0-0\" class=\"so-panel widget widget_sow-editor panel-first-child widgetopts-SO\" data-index=\"2\" ><div\n\t\t\t\n\t\t\tclass=\"so-widget-sow-editor so-widget-sow-editor-base\"\n\t\t\t\n\t\t>\n<div class=\"siteorigin-widget-tinymce textwidget\">\n\t<h2 style=\"text-align: center;\"><a href=\"https:\/\/www.espanolsi.com\/clases-estudiantes-brasilenos\/\">Clases\u00a0para Estudiantes Brasile\u00f1os<\/a><\/h2>\n<\/div>\n<\/div><\/div><div id=\"panel-539-1-0-1\" class=\"so-panel widget widget_sow-editor panel-last-child widgetopts-SO\" data-index=\"3\" ><div\n\t\t\t\n\t\t\tclass=\"so-widget-sow-editor so-widget-sow-editor-base\"\n\t\t\t\n\t\t>\n<div class=\"siteorigin-widget-tinymce textwidget\">\n\t<h2 style=\"text-align: center;\"><a href=\"https:\/\/www.espanolsi.com\/clases-estudiantes-no-brasilenos\/\">Clases para estudiantes NO brasile\u00f1os<\/a><\/h2>\n<\/div>\n<\/div><\/div><\/div><\/div><\/div>","protected":false},"excerpt":{"rendered":"<p>Las clases en l\u00ednea te permitir\u00e1n ahorrar el tiempo que gastar\u00edas en trasladarte o en estacionar tu veh\u00edculo si fueras a un curso tradicional. Ahorras dinero si vas a utilizar alg\u00fan medio de transporte. Esta modalidad, te permite disponer de tu tiempo. Y ganar\u00e1s en calidad de vida, pasar\u00e1s una mayor parte del d\u00eda con [&hellip;]<\/p>\n","protected":false},"author":1,"featured_media":0,"parent":0,"menu_order":0,"comment_status":"closed","ping_status":"closed","template":"","meta":{"_monsterinsights_skip_tracking":false,"_monsterinsights_sitenote_active":false,"_monsterinsights_sitenote_note":"","_monsterinsights_sitenote_category":0,"jetpack_post_was_ever_published":false,"footnotes":""},"class_list":["post-539","page","type-page","status-publish","hentry"],"jetpack_sharing_enabled":true,"jetpack_shortlink":"https:\/\/wp.me\/P9pq5s-8H","jetpack_likes_enabled":true,"jetpack-related-posts":[],"_links":{"self":[{"href":"https:\/\/www.espanolsi.com\/en\/wp-json\/wp\/v2\/pages\/539","targetHints":{"allow":["GET"]}}],"collection":[{"href":"https:\/\/www.espanolsi.com\/en\/wp-json\/wp\/v2\/pages"}],"about":[{"href":"https:\/\/www.espanolsi.com\/en\/wp-json\/wp\/v2\/types\/page"}],"author":[{"embeddable":true,"href":"https:\/\/www.espanolsi.com\/en\/wp-json\/wp\/v2\/users\/1"}],"replies":[{"embeddable":true,"href":"https:\/\/www.espanolsi.com\/en\/wp-json\/wp\/v2\/comments?post=539"}],"version-history":[{"count":0,"href":"https:\/\/www.espanolsi.com\/en\/wp-json\/wp\/v2\/pages\/539\/revisions"}],"wp:attachment":[{"href":"https:\/\/www.espanolsi.com\/en\/wp-json\/wp\/v2\/media?parent=539"}],"curies":[{"name":"wp","href":"https:\/\/api.w.org\/{rel}","templated":true}]}}